{"id":80,"date":"2014-08-22T16:17:12","date_gmt":"2014-08-22T14:17:12","guid":{"rendered":"https:\/\/www.panweb.at\/filz\/?page_id=80"},"modified":"2020-11-09T19:25:22","modified_gmt":"2020-11-09T18:25:22","slug":"constanze-kroeg","status":"publish","type":"page","link":"https:\/\/www.panweb.at\/filz\/constanze-kroeg\/","title":{"rendered":"Impressum"},"content":{"rendered":"<p><strong><em>Constanze Habringer-Kr\u00f6g<\/em>\u00a0 \u00a0 \u00a0 \u00a0 \u00a0<\/strong><\/p>\n<p>Filz . Kunst . Handwerk<\/p>\n<p>Dorfstra\u00dfe 42<\/p>\n<p>4893 Zell am Moos<\/p>\n<p>Tel.: \u00a0+43 664 73205607<\/p>\n<p>filzkunst@panweb.at<\/p>\n<h4><a href=\"https:\/\/www.panweb.at\/filz\/datenschutzerklaerung\/\"><b>Zur Datenschutzerkl\u00e4rung<\/b><\/a><\/h4>\n<h2><\/h2>\n<h2><\/h2>\n","protected":false},"excerpt":{"rendered":"<p>Constanze Habringer-Kr\u00f6g\u00a0 \u00a0 \u00a0 \u00a0 \u00a0 Filz . Kunst . Handwerk Dorfstra\u00dfe 42 4893 Zell am Moos Tel.: \u00a0+43 664 &hellip; <a href=\"https:\/\/www.panweb.at\/filz\/constanze-kroeg\/\" class=\"more-link\">Continue reading <span class=\"screen-reader-text\">Impressum<\/span><\/a><\/p>\n","protected":false},"author":1,"featured_media":0,"parent":0,"menu_order":0,"comment_status":"closed","ping_status":"open","template":"page-templates\/full-width.php","meta":{"jetpack_post_was_ever_published":false,"footnotes":""},"class_list":["post-80","page","type-page","status-publish","hentry"],"yoast_head":"<!-- This site is optimized with the Yoast SEO plugin v27.5 - https:\/\/yoast.com\/product\/yoast-seo-wordpress\/ -->\n<title>Impressum - Constanze Kr\u00f6g<\/title>\n<meta name=\"description\" content=\"Filzkurse in Ober\u00f6sterreich, Filzkunst, Rostf\u00e4rbung, Filzbekleidung, Nunofilz, Ecoprint, filzen lernen,Taschen, Schals, Kleidung, Indigof\u00e4rbung, wohnen\" \/>\n<meta name=\"robots\" content=\"index, follow, max-snippet:-1, max-image-preview:large, max-video-preview:-1\" \/>\n<link rel=\"canonical\" href=\"https:\/\/www.panweb.at\/filz\/constanze-kroeg\/\" \/>\n<meta property=\"og:locale\" content=\"de_DE\" \/>\n<meta property=\"og:type\" content=\"article\" \/>\n<meta property=\"og:title\" content=\"Impressum - Constanze Kr\u00f6g\" \/>\n<meta property=\"og:description\" content=\"Filzkurse in Ober\u00f6sterreich, Filzkunst, Rostf\u00e4rbung, Filzbekleidung, Nunofilz, Ecoprint, filzen lernen,Taschen, Schals, Kleidung, Indigof\u00e4rbung, wohnen\" \/>\n<meta property=\"og:url\" content=\"https:\/\/www.panweb.at\/filz\/constanze-kroeg\/\" \/>\n<meta property=\"og:site_name\" content=\"Constanze Kr\u00f6g\" \/>\n<meta property=\"article:publisher\" content=\"http:\/\/@constanzekroeg\" \/>\n<meta property=\"article:modified_time\" content=\"2020-11-09T18:25:22+00:00\" \/>\n<meta property=\"og:image\" content=\"https:\/\/www.panweb.at\/filz\/wp-content\/uploads\/2018\/02\/handfilzstudio_header.jpg\" \/>\n<meta name=\"twitter:card\" content=\"summary_large_image\" \/>\n<script type=\"application\/ld+json\" class=\"yoast-schema-graph\">{\"@context\":\"https:\\\/\\\/schema.org\",\"@graph\":[{\"@type\":\"WebPage\",\"@id\":\"https:\\\/\\\/www.panweb.at\\\/filz\\\/constanze-kroeg\\\/\",\"url\":\"https:\\\/\\\/www.panweb.at\\\/filz\\\/constanze-kroeg\\\/\",\"name\":\"Impressum - Constanze Kr\u00f6g\",\"isPartOf\":{\"@id\":\"https:\\\/\\\/www.panweb.at\\\/filz\\\/#website\"},\"datePublished\":\"2014-08-22T14:17:12+00:00\",\"dateModified\":\"2020-11-09T18:25:22+00:00\",\"description\":\"Filzkurse in Ober\u00f6sterreich, Filzkunst, Rostf\u00e4rbung, Filzbekleidung, Nunofilz, Ecoprint, filzen lernen,Taschen, Schals, Kleidung, Indigof\u00e4rbung, wohnen\",\"breadcrumb\":{\"@id\":\"https:\\\/\\\/www.panweb.at\\\/filz\\\/constanze-kroeg\\\/#breadcrumb\"},\"inLanguage\":\"de\",\"potentialAction\":[{\"@type\":\"ReadAction\",\"target\":[\"https:\\\/\\\/www.panweb.at\\\/filz\\\/constanze-kroeg\\\/\"]}]},{\"@type\":\"BreadcrumbList\",\"@id\":\"https:\\\/\\\/www.panweb.at\\\/filz\\\/constanze-kroeg\\\/#breadcrumb\",\"itemListElement\":[{\"@type\":\"ListItem\",\"position\":1,\"name\":\"Home\",\"item\":\"https:\\\/\\\/www.panweb.at\\\/filz\\\/\"},{\"@type\":\"ListItem\",\"position\":2,\"name\":\"Impressum\"}]},{\"@type\":\"WebSite\",\"@id\":\"https:\\\/\\\/www.panweb.at\\\/filz\\\/#website\",\"url\":\"https:\\\/\\\/www.panweb.at\\\/filz\\\/\",\"name\":\"Constanze Kr\u00f6g\",\"description\":\"Filzkurse in Ober\u00f6sterreich, Filzkunst, Rostf\u00e4rbung, Filzbekleidung, Nunofilz, Ecoprint, filzen lernen\",\"publisher\":{\"@id\":\"https:\\\/\\\/www.panweb.at\\\/filz\\\/#organization\"},\"potentialAction\":[{\"@type\":\"SearchAction\",\"target\":{\"@type\":\"EntryPoint\",\"urlTemplate\":\"https:\\\/\\\/www.panweb.at\\\/filz\\\/?s={search_term_string}\"},\"query-input\":{\"@type\":\"PropertyValueSpecification\",\"valueRequired\":true,\"valueName\":\"search_term_string\"}}],\"inLanguage\":\"de\"},{\"@type\":\"Organization\",\"@id\":\"https:\\\/\\\/www.panweb.at\\\/filz\\\/#organization\",\"name\":\"Constanze Kr\u00f6g\\\/ Filz Hand Werk\",\"url\":\"https:\\\/\\\/www.panweb.at\\\/filz\\\/\",\"logo\":{\"@type\":\"ImageObject\",\"inLanguage\":\"de\",\"@id\":\"https:\\\/\\\/www.panweb.at\\\/filz\\\/#\\\/schema\\\/logo\\\/image\\\/\",\"url\":\"https:\\\/\\\/i0.wp.com\\\/www.panweb.at\\\/filz\\\/wp-content\\\/uploads\\\/2025\\\/09\\\/Logo_02_24__web1500px_rgb.jpg?fit=1500%2C1493&ssl=1\",\"contentUrl\":\"https:\\\/\\\/i0.wp.com\\\/www.panweb.at\\\/filz\\\/wp-content\\\/uploads\\\/2025\\\/09\\\/Logo_02_24__web1500px_rgb.jpg?fit=1500%2C1493&ssl=1\",\"width\":1500,\"height\":1493,\"caption\":\"Constanze Kr\u00f6g\\\/ Filz Hand Werk\"},\"image\":{\"@id\":\"https:\\\/\\\/www.panweb.at\\\/filz\\\/#\\\/schema\\\/logo\\\/image\\\/\"},\"sameAs\":[\"http:\\\/\\\/@constanzekroeg\"]}]}<\/script>\n<!-- \/ Yoast SEO plugin. -->","yoast_head_json":{"title":"Impressum - Constanze Kr\u00f6g","description":"Filzkurse in Ober\u00f6sterreich, Filzkunst, Rostf\u00e4rbung, Filzbekleidung, Nunofilz, Ecoprint, filzen lernen,Taschen, Schals, Kleidung, Indigof\u00e4rbung, wohnen","robots":{"index":"index","follow":"follow","max-snippet":"max-snippet:-1","max-image-preview":"max-image-preview:large","max-video-preview":"max-video-preview:-1"},"canonical":"https:\/\/www.panweb.at\/filz\/constanze-kroeg\/","og_locale":"de_DE","og_type":"article","og_title":"Impressum - Constanze Kr\u00f6g","og_description":"Filzkurse in Ober\u00f6sterreich, Filzkunst, Rostf\u00e4rbung, Filzbekleidung, Nunofilz, Ecoprint, filzen lernen,Taschen, Schals, Kleidung, Indigof\u00e4rbung, wohnen","og_url":"https:\/\/www.panweb.at\/filz\/constanze-kroeg\/","og_site_name":"Constanze Kr\u00f6g","article_publisher":"http:\/\/@constanzekroeg","article_modified_time":"2020-11-09T18:25:22+00:00","og_image":[{"url":"https:\/\/www.panweb.at\/filz\/wp-content\/uploads\/2018\/02\/handfilzstudio_header.jpg","type":"","width":"","height":""}],"twitter_card":"summary_large_image","schema":{"@context":"https:\/\/schema.org","@graph":[{"@type":"WebPage","@id":"https:\/\/www.panweb.at\/filz\/constanze-kroeg\/","url":"https:\/\/www.panweb.at\/filz\/constanze-kroeg\/","name":"Impressum - Constanze Kr\u00f6g","isPartOf":{"@id":"https:\/\/www.panweb.at\/filz\/#website"},"datePublished":"2014-08-22T14:17:12+00:00","dateModified":"2020-11-09T18:25:22+00:00","description":"Filzkurse in Ober\u00f6sterreich, Filzkunst, Rostf\u00e4rbung, Filzbekleidung, Nunofilz, Ecoprint, filzen lernen,Taschen, Schals, Kleidung, Indigof\u00e4rbung, wohnen","breadcrumb":{"@id":"https:\/\/www.panweb.at\/filz\/constanze-kroeg\/#breadcrumb"},"inLanguage":"de","potentialAction":[{"@type":"ReadAction","target":["https:\/\/www.panweb.at\/filz\/constanze-kroeg\/"]}]},{"@type":"BreadcrumbList","@id":"https:\/\/www.panweb.at\/filz\/constanze-kroeg\/#breadcrumb","itemListElement":[{"@type":"ListItem","position":1,"name":"Home","item":"https:\/\/www.panweb.at\/filz\/"},{"@type":"ListItem","position":2,"name":"Impressum"}]},{"@type":"WebSite","@id":"https:\/\/www.panweb.at\/filz\/#website","url":"https:\/\/www.panweb.at\/filz\/","name":"Constanze Kr\u00f6g","description":"Filzkurse in Ober\u00f6sterreich, Filzkunst, Rostf\u00e4rbung, Filzbekleidung, Nunofilz, Ecoprint, filzen lernen","publisher":{"@id":"https:\/\/www.panweb.at\/filz\/#organization"},"potentialAction":[{"@type":"SearchAction","target":{"@type":"EntryPoint","urlTemplate":"https:\/\/www.panweb.at\/filz\/?s={search_term_string}"},"query-input":{"@type":"PropertyValueSpecification","valueRequired":true,"valueName":"search_term_string"}}],"inLanguage":"de"},{"@type":"Organization","@id":"https:\/\/www.panweb.at\/filz\/#organization","name":"Constanze Kr\u00f6g\/ Filz Hand Werk","url":"https:\/\/www.panweb.at\/filz\/","logo":{"@type":"ImageObject","inLanguage":"de","@id":"https:\/\/www.panweb.at\/filz\/#\/schema\/logo\/image\/","url":"https:\/\/i0.wp.com\/www.panweb.at\/filz\/wp-content\/uploads\/2025\/09\/Logo_02_24__web1500px_rgb.jpg?fit=1500%2C1493&ssl=1","contentUrl":"https:\/\/i0.wp.com\/www.panweb.at\/filz\/wp-content\/uploads\/2025\/09\/Logo_02_24__web1500px_rgb.jpg?fit=1500%2C1493&ssl=1","width":1500,"height":1493,"caption":"Constanze Kr\u00f6g\/ Filz Hand Werk"},"image":{"@id":"https:\/\/www.panweb.at\/filz\/#\/schema\/logo\/image\/"},"sameAs":["http:\/\/@constanzekroeg"]}]}},"jetpack_sharing_enabled":true,"jetpack_shortlink":"https:\/\/wp.me\/P7FOsf-1i","jetpack-related-posts":[],"_links":{"self":[{"href":"https:\/\/www.panweb.at\/filz\/wp-json\/wp\/v2\/pages\/80","targetHints":{"allow":["GET"]}}],"collection":[{"href":"https:\/\/www.panweb.at\/filz\/wp-json\/wp\/v2\/pages"}],"about":[{"href":"https:\/\/www.panweb.at\/filz\/wp-json\/wp\/v2\/types\/page"}],"author":[{"embeddable":true,"href":"https:\/\/www.panweb.at\/filz\/wp-json\/wp\/v2\/users\/1"}],"replies":[{"embeddable":true,"href":"https:\/\/www.panweb.at\/filz\/wp-json\/wp\/v2\/comments?post=80"}],"version-history":[{"count":12,"href":"https:\/\/www.panweb.at\/filz\/wp-json\/wp\/v2\/pages\/80\/revisions"}],"predecessor-version":[{"id":1431,"href":"https:\/\/www.panweb.at\/filz\/wp-json\/wp\/v2\/pages\/80\/revisions\/1431"}],"wp:attachment":[{"href":"https:\/\/www.panweb.at\/filz\/wp-json\/wp\/v2\/media?parent=80"}],"curies":[{"name":"wp","href":"https:\/\/api.w.org\/{rel}","templated":true}]}}