{"id":505,"date":"2015-07-24T15:05:38","date_gmt":"2015-07-24T13:05:38","guid":{"rendered":"https:\/\/www.panweb.at\/filz\/?page_id=505"},"modified":"2025-09-14T16:52:00","modified_gmt":"2025-09-14T14:52:00","slug":"ecoprint","status":"publish","type":"page","link":"https:\/\/www.panweb.at\/filz\/filzkurse-in-oberoesterreich-filzkunst-rostfaerbung-filzbekleidung-nunofilz-ecoprint-filzen-lernen-brautkleider\/ecoprint\/","title":{"rendered":"ecoprint"},"content":{"rendered":"\n<div class=\"wp-block-jetpack-slideshow aligncenter\" data-effect=\"slide\"><div class=\"wp-block-jetpack-slideshow_container swiper-container\"><ul class=\"wp-block-jetpack-slideshow_swiper-wrapper swiper-wrapper\"><li class=\"wp-block-jetpack-slideshow_slide swiper-slide\"><figure><img data-recalc-dims=\"1\" decoding=\"async\" width=\"800\" height=\"1199\" alt=\"Shirt aus Seide und Baumwolle gefilzt mit Ecoprint\" class=\"wp-block-jetpack-slideshow_image wp-image-820\" data-id=\"820\" src=\"https:\/\/i0.wp.com\/www.panweb.at\/filz\/wp-content\/uploads\/2017\/07\/PAN_3481-e1500994313478.jpg?resize=800%2C1199\"\/><\/figure><\/li><li class=\"wp-block-jetpack-slideshow_slide swiper-slide\"><figure><img data-recalc-dims=\"1\" decoding=\"async\" width=\"378\" height=\"760\" alt=\"\" class=\"wp-block-jetpack-slideshow_image wp-image-509\" data-id=\"509\" src=\"https:\/\/i0.wp.com\/www.panweb.at\/filz\/wp-content\/uploads\/2015\/07\/image1.jpg?resize=378%2C760\" srcset=\"https:\/\/i0.wp.com\/www.panweb.at\/filz\/wp-content\/uploads\/2015\/07\/image1.jpg?w=378&amp;ssl=1 378w, https:\/\/i0.wp.com\/www.panweb.at\/filz\/wp-content\/uploads\/2015\/07\/image1.jpg?resize=149%2C300&amp;ssl=1 149w\" sizes=\"(max-width: 378px) 100vw, 378px\" \/><\/figure><\/li><li class=\"wp-block-jetpack-slideshow_slide swiper-slide\"><figure><img data-recalc-dims=\"1\" decoding=\"async\" width=\"1140\" height=\"801\" alt=\"Nunofilzschal\" class=\"wp-block-jetpack-slideshow_image wp-image-676\" data-id=\"676\" src=\"https:\/\/i0.wp.com\/www.panweb.at\/filz\/wp-content\/uploads\/2016\/06\/image-7.jpeg?resize=1140%2C801\" srcset=\"https:\/\/i0.wp.com\/www.panweb.at\/filz\/wp-content\/uploads\/2016\/06\/image-7.jpeg?w=1240&amp;ssl=1 1240w, https:\/\/i0.wp.com\/www.panweb.at\/filz\/wp-content\/uploads\/2016\/06\/image-7.jpeg?resize=300%2C211&amp;ssl=1 300w, https:\/\/i0.wp.com\/www.panweb.at\/filz\/wp-content\/uploads\/2016\/06\/image-7.jpeg?resize=768%2C539&amp;ssl=1 768w, https:\/\/i0.wp.com\/www.panweb.at\/filz\/wp-content\/uploads\/2016\/06\/image-7.jpeg?resize=1024%2C719&amp;ssl=1 1024w, https:\/\/i0.wp.com\/www.panweb.at\/filz\/wp-content\/uploads\/2016\/06\/image-7.jpeg?resize=624%2C438&amp;ssl=1 624w\" sizes=\"(max-width: 1140px) 100vw, 1140px\" \/><\/figure><\/li><\/ul><a class=\"wp-block-jetpack-slideshow_button-prev swiper-button-prev swiper-button-white\" role=\"button\"><\/a><a class=\"wp-block-jetpack-slideshow_button-next swiper-button-next swiper-button-white\" role=\"button\"><\/a><a aria-label=\"Pause Slideshow\" class=\"wp-block-jetpack-slideshow_button-pause\" role=\"button\"><\/a><div class=\"wp-block-jetpack-slideshow_pagination swiper-pagination swiper-pagination-white\"><\/div><\/div><\/div>\n","protected":false},"excerpt":{"rendered":"","protected":false},"author":1,"featured_media":0,"parent":306,"menu_order":0,"comment_status":"closed","ping_status":"open","template":"","meta":{"jetpack_post_was_ever_published":false,"footnotes":""},"class_list":["post-505","page","type-page","status-publish","hentry"],"yoast_head":"<!-- This site is optimized with the Yoast SEO plugin v27.4 - https:\/\/yoast.com\/product\/yoast-seo-wordpress\/ -->\n<title>Eco-Print Unikate \u2013 Filzkunst von Constanze Kr\u00f6g<\/title>\n<meta name=\"description\" content=\"Einzigartige Eco-Print-Unikate von Constanze Kr\u00f6g. Nachhaltig gef\u00e4rbte Filzobjekte mit botanischen Drucken \u2013 ideal f\u00fcr Mode und Accessoires.\" \/>\n<meta name=\"robots\" content=\"index, follow, max-snippet:-1, max-image-preview:large, max-video-preview:-1\" \/>\n<link rel=\"canonical\" href=\"https:\/\/www.panweb.at\/filz\/filzkurse-in-oberoesterreich-filzkunst-rostfaerbung-filzbekleidung-nunofilz-ecoprint-filzen-lernen-brautkleider\/ecoprint\/\" \/>\n<meta property=\"og:locale\" content=\"de_DE\" \/>\n<meta property=\"og:type\" content=\"article\" \/>\n<meta property=\"og:title\" content=\"Eco-Print Unikate \u2013 Filzkunst von Constanze Kr\u00f6g\" \/>\n<meta property=\"og:description\" content=\"Einzigartige Eco-Print-Unikate von Constanze Kr\u00f6g. Nachhaltig gef\u00e4rbte Filzobjekte mit botanischen Drucken \u2013 ideal f\u00fcr Mode und Accessoires.\" \/>\n<meta property=\"og:url\" content=\"https:\/\/www.panweb.at\/filz\/filzkurse-in-oberoesterreich-filzkunst-rostfaerbung-filzbekleidung-nunofilz-ecoprint-filzen-lernen-brautkleider\/ecoprint\/\" \/>\n<meta property=\"og:site_name\" content=\"Constanze Kr\u00f6g\" \/>\n<meta property=\"article:publisher\" content=\"http:\/\/@constanzekroeg\" \/>\n<meta property=\"article:modified_time\" content=\"2025-09-14T14:52:00+00:00\" \/>\n<meta property=\"og:image\" content=\"https:\/\/www.panweb.at\/filz\/wp-content\/uploads\/2017\/07\/PAN_3481-e1500994313478.jpg\" \/>\n<meta name=\"twitter:card\" content=\"summary_large_image\" \/>\n<meta name=\"twitter:label1\" content=\"Gesch\u00e4tzte Lesezeit\" \/>\n\t<meta name=\"twitter:data1\" content=\"1\u00a0Minute\" \/>\n<script type=\"application\/ld+json\" class=\"yoast-schema-graph\">{\"@context\":\"https:\\\/\\\/schema.org\",\"@graph\":[{\"@type\":\"WebPage\",\"@id\":\"https:\\\/\\\/www.panweb.at\\\/filz\\\/filzkurse-in-oberoesterreich-filzkunst-rostfaerbung-filzbekleidung-nunofilz-ecoprint-filzen-lernen-brautkleider\\\/ecoprint\\\/\",\"url\":\"https:\\\/\\\/www.panweb.at\\\/filz\\\/filzkurse-in-oberoesterreich-filzkunst-rostfaerbung-filzbekleidung-nunofilz-ecoprint-filzen-lernen-brautkleider\\\/ecoprint\\\/\",\"name\":\"Eco-Print Unikate \u2013 Filzkunst von Constanze Kr\u00f6g\",\"isPartOf\":{\"@id\":\"https:\\\/\\\/www.panweb.at\\\/filz\\\/#website\"},\"primaryImageOfPage\":{\"@id\":\"https:\\\/\\\/www.panweb.at\\\/filz\\\/filzkurse-in-oberoesterreich-filzkunst-rostfaerbung-filzbekleidung-nunofilz-ecoprint-filzen-lernen-brautkleider\\\/ecoprint\\\/#primaryimage\"},\"image\":{\"@id\":\"https:\\\/\\\/www.panweb.at\\\/filz\\\/filzkurse-in-oberoesterreich-filzkunst-rostfaerbung-filzbekleidung-nunofilz-ecoprint-filzen-lernen-brautkleider\\\/ecoprint\\\/#primaryimage\"},\"thumbnailUrl\":\"http:\\\/\\\/www.panweb.at\\\/filz\\\/wp-content\\\/uploads\\\/2017\\\/07\\\/PAN_3481-e1500994313478.jpg\",\"datePublished\":\"2015-07-24T13:05:38+00:00\",\"dateModified\":\"2025-09-14T14:52:00+00:00\",\"description\":\"Einzigartige Eco-Print-Unikate von Constanze Kr\u00f6g. Nachhaltig gef\u00e4rbte Filzobjekte mit botanischen Drucken \u2013 ideal f\u00fcr Mode und Accessoires.\",\"breadcrumb\":{\"@id\":\"https:\\\/\\\/www.panweb.at\\\/filz\\\/filzkurse-in-oberoesterreich-filzkunst-rostfaerbung-filzbekleidung-nunofilz-ecoprint-filzen-lernen-brautkleider\\\/ecoprint\\\/#breadcrumb\"},\"inLanguage\":\"de\",\"potentialAction\":[{\"@type\":\"ReadAction\",\"target\":[\"https:\\\/\\\/www.panweb.at\\\/filz\\\/filzkurse-in-oberoesterreich-filzkunst-rostfaerbung-filzbekleidung-nunofilz-ecoprint-filzen-lernen-brautkleider\\\/ecoprint\\\/\"]}]},{\"@type\":\"ImageObject\",\"inLanguage\":\"de\",\"@id\":\"https:\\\/\\\/www.panweb.at\\\/filz\\\/filzkurse-in-oberoesterreich-filzkunst-rostfaerbung-filzbekleidung-nunofilz-ecoprint-filzen-lernen-brautkleider\\\/ecoprint\\\/#primaryimage\",\"url\":\"http:\\\/\\\/www.panweb.at\\\/filz\\\/wp-content\\\/uploads\\\/2017\\\/07\\\/PAN_3481-e1500994313478.jpg\",\"contentUrl\":\"http:\\\/\\\/www.panweb.at\\\/filz\\\/wp-content\\\/uploads\\\/2017\\\/07\\\/PAN_3481-e1500994313478.jpg\"},{\"@type\":\"BreadcrumbList\",\"@id\":\"https:\\\/\\\/www.panweb.at\\\/filz\\\/filzkurse-in-oberoesterreich-filzkunst-rostfaerbung-filzbekleidung-nunofilz-ecoprint-filzen-lernen-brautkleider\\\/ecoprint\\\/#breadcrumb\",\"itemListElement\":[{\"@type\":\"ListItem\",\"position\":1,\"name\":\"Home\",\"item\":\"https:\\\/\\\/www.panweb.at\\\/filz\\\/\"},{\"@type\":\"ListItem\",\"position\":2,\"name\":\"Arbeiten\",\"item\":\"https:\\\/\\\/www.panweb.at\\\/filz\\\/filzkurse-in-oberoesterreich-filzkunst-rostfaerbung-filzbekleidung-nunofilz-ecoprint-filzen-lernen-brautkleider\\\/\"},{\"@type\":\"ListItem\",\"position\":3,\"name\":\"ecoprint\"}]},{\"@type\":\"WebSite\",\"@id\":\"https:\\\/\\\/www.panweb.at\\\/filz\\\/#website\",\"url\":\"https:\\\/\\\/www.panweb.at\\\/filz\\\/\",\"name\":\"Constanze Kr\u00f6g\",\"description\":\"Filzkurse in Ober\u00f6sterreich, Filzkunst, Rostf\u00e4rbung, Filzbekleidung, Nunofilz, Ecoprint, filzen lernen\",\"publisher\":{\"@id\":\"https:\\\/\\\/www.panweb.at\\\/filz\\\/#organization\"},\"potentialAction\":[{\"@type\":\"SearchAction\",\"target\":{\"@type\":\"EntryPoint\",\"urlTemplate\":\"https:\\\/\\\/www.panweb.at\\\/filz\\\/?s={search_term_string}\"},\"query-input\":{\"@type\":\"PropertyValueSpecification\",\"valueRequired\":true,\"valueName\":\"search_term_string\"}}],\"inLanguage\":\"de\"},{\"@type\":\"Organization\",\"@id\":\"https:\\\/\\\/www.panweb.at\\\/filz\\\/#organization\",\"name\":\"Constanze Kr\u00f6g\\\/ Filz Hand Werk\",\"url\":\"https:\\\/\\\/www.panweb.at\\\/filz\\\/\",\"logo\":{\"@type\":\"ImageObject\",\"inLanguage\":\"de\",\"@id\":\"https:\\\/\\\/www.panweb.at\\\/filz\\\/#\\\/schema\\\/logo\\\/image\\\/\",\"url\":\"https:\\\/\\\/i0.wp.com\\\/www.panweb.at\\\/filz\\\/wp-content\\\/uploads\\\/2025\\\/09\\\/Logo_02_24__web1500px_rgb.jpg?fit=1500%2C1493&ssl=1\",\"contentUrl\":\"https:\\\/\\\/i0.wp.com\\\/www.panweb.at\\\/filz\\\/wp-content\\\/uploads\\\/2025\\\/09\\\/Logo_02_24__web1500px_rgb.jpg?fit=1500%2C1493&ssl=1\",\"width\":1500,\"height\":1493,\"caption\":\"Constanze Kr\u00f6g\\\/ Filz Hand Werk\"},\"image\":{\"@id\":\"https:\\\/\\\/www.panweb.at\\\/filz\\\/#\\\/schema\\\/logo\\\/image\\\/\"},\"sameAs\":[\"http:\\\/\\\/@constanzekroeg\"]}]}<\/script>\n<!-- \/ Yoast SEO plugin. -->","yoast_head_json":{"title":"Eco-Print Unikate \u2013 Filzkunst von Constanze Kr\u00f6g","description":"Einzigartige Eco-Print-Unikate von Constanze Kr\u00f6g. Nachhaltig gef\u00e4rbte Filzobjekte mit botanischen Drucken \u2013 ideal f\u00fcr Mode und Accessoires.","robots":{"index":"index","follow":"follow","max-snippet":"max-snippet:-1","max-image-preview":"max-image-preview:large","max-video-preview":"max-video-preview:-1"},"canonical":"https:\/\/www.panweb.at\/filz\/filzkurse-in-oberoesterreich-filzkunst-rostfaerbung-filzbekleidung-nunofilz-ecoprint-filzen-lernen-brautkleider\/ecoprint\/","og_locale":"de_DE","og_type":"article","og_title":"Eco-Print Unikate \u2013 Filzkunst von Constanze Kr\u00f6g","og_description":"Einzigartige Eco-Print-Unikate von Constanze Kr\u00f6g. Nachhaltig gef\u00e4rbte Filzobjekte mit botanischen Drucken \u2013 ideal f\u00fcr Mode und Accessoires.","og_url":"https:\/\/www.panweb.at\/filz\/filzkurse-in-oberoesterreich-filzkunst-rostfaerbung-filzbekleidung-nunofilz-ecoprint-filzen-lernen-brautkleider\/ecoprint\/","og_site_name":"Constanze Kr\u00f6g","article_publisher":"http:\/\/@constanzekroeg","article_modified_time":"2025-09-14T14:52:00+00:00","og_image":[{"url":"https:\/\/www.panweb.at\/filz\/wp-content\/uploads\/2017\/07\/PAN_3481-e1500994313478.jpg","type":"","width":"","height":""}],"twitter_card":"summary_large_image","twitter_misc":{"Gesch\u00e4tzte Lesezeit":"1\u00a0Minute"},"schema":{"@context":"https:\/\/schema.org","@graph":[{"@type":"WebPage","@id":"https:\/\/www.panweb.at\/filz\/filzkurse-in-oberoesterreich-filzkunst-rostfaerbung-filzbekleidung-nunofilz-ecoprint-filzen-lernen-brautkleider\/ecoprint\/","url":"https:\/\/www.panweb.at\/filz\/filzkurse-in-oberoesterreich-filzkunst-rostfaerbung-filzbekleidung-nunofilz-ecoprint-filzen-lernen-brautkleider\/ecoprint\/","name":"Eco-Print Unikate \u2013 Filzkunst von Constanze Kr\u00f6g","isPartOf":{"@id":"https:\/\/www.panweb.at\/filz\/#website"},"primaryImageOfPage":{"@id":"https:\/\/www.panweb.at\/filz\/filzkurse-in-oberoesterreich-filzkunst-rostfaerbung-filzbekleidung-nunofilz-ecoprint-filzen-lernen-brautkleider\/ecoprint\/#primaryimage"},"image":{"@id":"https:\/\/www.panweb.at\/filz\/filzkurse-in-oberoesterreich-filzkunst-rostfaerbung-filzbekleidung-nunofilz-ecoprint-filzen-lernen-brautkleider\/ecoprint\/#primaryimage"},"thumbnailUrl":"https:\/\/www.panweb.at\/filz\/wp-content\/uploads\/2017\/07\/PAN_3481-e1500994313478.jpg","datePublished":"2015-07-24T13:05:38+00:00","dateModified":"2025-09-14T14:52:00+00:00","description":"Einzigartige Eco-Print-Unikate von Constanze Kr\u00f6g. Nachhaltig gef\u00e4rbte Filzobjekte mit botanischen Drucken \u2013 ideal f\u00fcr Mode und Accessoires.","breadcrumb":{"@id":"https:\/\/www.panweb.at\/filz\/filzkurse-in-oberoesterreich-filzkunst-rostfaerbung-filzbekleidung-nunofilz-ecoprint-filzen-lernen-brautkleider\/ecoprint\/#breadcrumb"},"inLanguage":"de","potentialAction":[{"@type":"ReadAction","target":["https:\/\/www.panweb.at\/filz\/filzkurse-in-oberoesterreich-filzkunst-rostfaerbung-filzbekleidung-nunofilz-ecoprint-filzen-lernen-brautkleider\/ecoprint\/"]}]},{"@type":"ImageObject","inLanguage":"de","@id":"https:\/\/www.panweb.at\/filz\/filzkurse-in-oberoesterreich-filzkunst-rostfaerbung-filzbekleidung-nunofilz-ecoprint-filzen-lernen-brautkleider\/ecoprint\/#primaryimage","url":"https:\/\/www.panweb.at\/filz\/wp-content\/uploads\/2017\/07\/PAN_3481-e1500994313478.jpg","contentUrl":"https:\/\/www.panweb.at\/filz\/wp-content\/uploads\/2017\/07\/PAN_3481-e1500994313478.jpg"},{"@type":"BreadcrumbList","@id":"https:\/\/www.panweb.at\/filz\/filzkurse-in-oberoesterreich-filzkunst-rostfaerbung-filzbekleidung-nunofilz-ecoprint-filzen-lernen-brautkleider\/ecoprint\/#breadcrumb","itemListElement":[{"@type":"ListItem","position":1,"name":"Home","item":"https:\/\/www.panweb.at\/filz\/"},{"@type":"ListItem","position":2,"name":"Arbeiten","item":"https:\/\/www.panweb.at\/filz\/filzkurse-in-oberoesterreich-filzkunst-rostfaerbung-filzbekleidung-nunofilz-ecoprint-filzen-lernen-brautkleider\/"},{"@type":"ListItem","position":3,"name":"ecoprint"}]},{"@type":"WebSite","@id":"https:\/\/www.panweb.at\/filz\/#website","url":"https:\/\/www.panweb.at\/filz\/","name":"Constanze Kr\u00f6g","description":"Filzkurse in Ober\u00f6sterreich, Filzkunst, Rostf\u00e4rbung, Filzbekleidung, Nunofilz, Ecoprint, filzen lernen","publisher":{"@id":"https:\/\/www.panweb.at\/filz\/#organization"},"potentialAction":[{"@type":"SearchAction","target":{"@type":"EntryPoint","urlTemplate":"https:\/\/www.panweb.at\/filz\/?s={search_term_string}"},"query-input":{"@type":"PropertyValueSpecification","valueRequired":true,"valueName":"search_term_string"}}],"inLanguage":"de"},{"@type":"Organization","@id":"https:\/\/www.panweb.at\/filz\/#organization","name":"Constanze Kr\u00f6g\/ Filz Hand Werk","url":"https:\/\/www.panweb.at\/filz\/","logo":{"@type":"ImageObject","inLanguage":"de","@id":"https:\/\/www.panweb.at\/filz\/#\/schema\/logo\/image\/","url":"https:\/\/i0.wp.com\/www.panweb.at\/filz\/wp-content\/uploads\/2025\/09\/Logo_02_24__web1500px_rgb.jpg?fit=1500%2C1493&ssl=1","contentUrl":"https:\/\/i0.wp.com\/www.panweb.at\/filz\/wp-content\/uploads\/2025\/09\/Logo_02_24__web1500px_rgb.jpg?fit=1500%2C1493&ssl=1","width":1500,"height":1493,"caption":"Constanze Kr\u00f6g\/ Filz Hand Werk"},"image":{"@id":"https:\/\/www.panweb.at\/filz\/#\/schema\/logo\/image\/"},"sameAs":["http:\/\/@constanzekroeg"]}]}},"jetpack_sharing_enabled":true,"jetpack_shortlink":"https:\/\/wp.me\/P7FOsf-89","jetpack-related-posts":[{"id":413,"url":"https:\/\/www.panweb.at\/filz\/filzkurse-in-oberoesterreich-filzkunst-rostfaerbung-filzbekleidung-nunofilz-ecoprint-filzen-lernen-brautkleider\/wohnen\/","url_meta":{"origin":505,"position":0},"title":"wohnen","author":"constanze","date":"30. Januar 2015","format":false,"excerpt":"Work in Progress, Mountmed project","rel":"","context":"\u00c4hnlicher Beitrag","block_context":{"text":"\u00c4hnlicher Beitrag","link":""},"img":{"alt_text":"","src":"https:\/\/i0.wp.com\/www.panweb.at\/filz\/wp-content\/uploads\/2025\/04\/IMG_6104.jpeg?resize=350%2C200&ssl=1","width":350,"height":200,"srcset":"https:\/\/i0.wp.com\/www.panweb.at\/filz\/wp-content\/uploads\/2025\/04\/IMG_6104.jpeg?resize=350%2C200&ssl=1 1x, https:\/\/i0.wp.com\/www.panweb.at\/filz\/wp-content\/uploads\/2025\/04\/IMG_6104.jpeg?resize=525%2C300&ssl=1 1.5x, https:\/\/i0.wp.com\/www.panweb.at\/filz\/wp-content\/uploads\/2025\/04\/IMG_6104.jpeg?resize=700%2C400&ssl=1 2x, https:\/\/i0.wp.com\/www.panweb.at\/filz\/wp-content\/uploads\/2025\/04\/IMG_6104.jpeg?resize=1050%2C600&ssl=1 3x, https:\/\/i0.wp.com\/www.panweb.at\/filz\/wp-content\/uploads\/2025\/04\/IMG_6104.jpeg?resize=1400%2C800&ssl=1 4x"},"classes":[]},{"id":306,"url":"https:\/\/www.panweb.at\/filz\/filzkurse-in-oberoesterreich-filzkunst-rostfaerbung-filzbekleidung-nunofilz-ecoprint-filzen-lernen-brautkleider\/","url_meta":{"origin":505,"position":1},"title":"Arbeiten","author":"constanze","date":"24. November 2014","format":false,"excerpt":"","rel":"","context":"\u00c4hnlicher Beitrag","block_context":{"text":"\u00c4hnlicher Beitrag","link":""},"img":{"alt_text":"","src":"https:\/\/i0.wp.com\/www.panweb.at\/filz\/wp-content\/uploads\/2023\/12\/Co_Stulpen_2211_2023_1083-edited-2.jpeg?resize=350%2C200","width":350,"height":200},"classes":[]},{"id":293,"url":"https:\/\/www.panweb.at\/filz\/filzkurse-in-oberoesterreich-filzkunst-rostfaerbung-filzbekleidung-nunofilz-ecoprint-filzen-lernen-brautkleider\/brautkleider\/","url_meta":{"origin":505,"position":2},"title":"brautkleider","author":"constanze","date":"24. November 2014","format":false,"excerpt":"","rel":"","context":"\u00c4hnlicher Beitrag","block_context":{"text":"\u00c4hnlicher Beitrag","link":""},"img":{"alt_text":"Brautkleid aus Wolle und Seide mit Stola aus Rohwolle","src":"https:\/\/i0.wp.com\/www.panweb.at\/filz\/wp-content\/uploads\/2017\/07\/PAN_3643-e1500915154723.jpg?resize=350%2C200&ssl=1","width":350,"height":200,"srcset":"https:\/\/i0.wp.com\/www.panweb.at\/filz\/wp-content\/uploads\/2017\/07\/PAN_3643-e1500915154723.jpg?resize=350%2C200&ssl=1 1x, https:\/\/i0.wp.com\/www.panweb.at\/filz\/wp-content\/uploads\/2017\/07\/PAN_3643-e1500915154723.jpg?resize=525%2C300&ssl=1 1.5x, https:\/\/i0.wp.com\/www.panweb.at\/filz\/wp-content\/uploads\/2017\/07\/PAN_3643-e1500915154723.jpg?resize=700%2C400&ssl=1 2x"},"classes":[]},{"id":290,"url":"https:\/\/www.panweb.at\/filz\/filzkurse-in-oberoesterreich-filzkunst-rostfaerbung-filzbekleidung-nunofilz-ecoprint-filzen-lernen-brautkleider\/kleider\/","url_meta":{"origin":505,"position":3},"title":"nahtlos &#8211; wearable artwork","author":"constanze","date":"24. November 2014","format":false,"excerpt":"Black.Indigo.Rust","rel":"","context":"\u00c4hnlicher Beitrag","block_context":{"text":"\u00c4hnlicher Beitrag","link":""},"img":{"alt_text":"","src":"https:\/\/i0.wp.com\/www.panweb.at\/filz\/wp-content\/uploads\/2021\/05\/79DFBF0D-7114-4E66-9E4B-077686E54F25.jpeg?resize=350%2C200","width":350,"height":200,"srcset":"https:\/\/i0.wp.com\/www.panweb.at\/filz\/wp-content\/uploads\/2021\/05\/79DFBF0D-7114-4E66-9E4B-077686E54F25.jpeg?resize=350%2C200 1x, https:\/\/i0.wp.com\/www.panweb.at\/filz\/wp-content\/uploads\/2021\/05\/79DFBF0D-7114-4E66-9E4B-077686E54F25.jpeg?resize=525%2C300 1.5x, https:\/\/i0.wp.com\/www.panweb.at\/filz\/wp-content\/uploads\/2021\/05\/79DFBF0D-7114-4E66-9E4B-077686E54F25.jpeg?resize=700%2C400 2x, https:\/\/i0.wp.com\/www.panweb.at\/filz\/wp-content\/uploads\/2021\/05\/79DFBF0D-7114-4E66-9E4B-077686E54F25.jpeg?resize=1050%2C600 3x"},"classes":[]}],"_links":{"self":[{"href":"https:\/\/www.panweb.at\/filz\/wp-json\/wp\/v2\/pages\/505","targetHints":{"allow":["GET"]}}],"collection":[{"href":"https:\/\/www.panweb.at\/filz\/wp-json\/wp\/v2\/pages"}],"about":[{"href":"https:\/\/www.panweb.at\/filz\/wp-json\/wp\/v2\/types\/page"}],"author":[{"embeddable":true,"href":"https:\/\/www.panweb.at\/filz\/wp-json\/wp\/v2\/users\/1"}],"replies":[{"embeddable":true,"href":"https:\/\/www.panweb.at\/filz\/wp-json\/wp\/v2\/comments?post=505"}],"version-history":[{"count":4,"href":"https:\/\/www.panweb.at\/filz\/wp-json\/wp\/v2\/pages\/505\/revisions"}],"predecessor-version":[{"id":1607,"href":"https:\/\/www.panweb.at\/filz\/wp-json\/wp\/v2\/pages\/505\/revisions\/1607"}],"up":[{"embeddable":true,"href":"https:\/\/www.panweb.at\/filz\/wp-json\/wp\/v2\/pages\/306"}],"wp:attachment":[{"href":"https:\/\/www.panweb.at\/filz\/wp-json\/wp\/v2\/media?parent=505"}],"curies":[{"name":"wp","href":"https:\/\/api.w.org\/{rel}","templated":true}]}}