{"id":293,"date":"2014-11-24T16:56:47","date_gmt":"2014-11-24T15:56:47","guid":{"rendered":"https:\/\/www.panweb.at\/filz\/?page_id=293"},"modified":"2025-09-14T16:48:53","modified_gmt":"2025-09-14T14:48:53","slug":"brautkleider","status":"publish","type":"page","link":"https:\/\/www.panweb.at\/filz\/filzkurse-in-oberoesterreich-filzkunst-rostfaerbung-filzbekleidung-nunofilz-ecoprint-filzen-lernen-brautkleider\/brautkleider\/","title":{"rendered":"brautkleider"},"content":{"rendered":"\n<div class=\"wp-block-jetpack-slideshow aligncenter\" data-effect=\"slide\"><div class=\"wp-block-jetpack-slideshow_container swiper-container\"><ul class=\"wp-block-jetpack-slideshow_swiper-wrapper swiper-wrapper\"><li class=\"wp-block-jetpack-slideshow_slide swiper-slide\"><figure><img data-recalc-dims=\"1\" decoding=\"async\" width=\"800\" height=\"1199\" alt=\"Brautkleid aus Wolle und Seide mit Stola aus Rohwolle\" class=\"wp-block-jetpack-slideshow_image wp-image-809\" data-id=\"809\" src=\"https:\/\/i0.wp.com\/www.panweb.at\/filz\/wp-content\/uploads\/2017\/07\/PAN_3643-e1500915154723.jpg?resize=800%2C1199\"\/><\/figure><\/li><li class=\"wp-block-jetpack-slideshow_slide swiper-slide\"><figure><img data-recalc-dims=\"1\" decoding=\"async\" width=\"801\" height=\"1200\" alt=\"Brautkleid aus Merinowolle und Seide nahtlos gefilzt\" class=\"wp-block-jetpack-slideshow_image wp-image-807\" data-id=\"807\" src=\"https:\/\/i0.wp.com\/www.panweb.at\/filz\/wp-content\/uploads\/2017\/07\/PAN_3599.jpg?resize=801%2C1200\" srcset=\"https:\/\/i0.wp.com\/www.panweb.at\/filz\/wp-content\/uploads\/2017\/07\/PAN_3599.jpg?w=801&amp;ssl=1 801w, https:\/\/i0.wp.com\/www.panweb.at\/filz\/wp-content\/uploads\/2017\/07\/PAN_3599.jpg?resize=200%2C300&amp;ssl=1 200w, https:\/\/i0.wp.com\/www.panweb.at\/filz\/wp-content\/uploads\/2017\/07\/PAN_3599.jpg?resize=768%2C1151&amp;ssl=1 768w, https:\/\/i0.wp.com\/www.panweb.at\/filz\/wp-content\/uploads\/2017\/07\/PAN_3599.jpg?resize=683%2C1024&amp;ssl=1 683w, https:\/\/i0.wp.com\/www.panweb.at\/filz\/wp-content\/uploads\/2017\/07\/PAN_3599.jpg?resize=624%2C935&amp;ssl=1 624w\" sizes=\"(max-width: 801px) 100vw, 801px\" \/><\/figure><\/li><li class=\"wp-block-jetpack-slideshow_slide swiper-slide\"><figure><img data-recalc-dims=\"1\" decoding=\"async\" width=\"800\" height=\"1199\" alt=\"Brautkleid aus Merinowolle und Seide mit Rohwollstola\" class=\"wp-block-jetpack-slideshow_image wp-image-808\" data-id=\"808\" src=\"https:\/\/i0.wp.com\/www.panweb.at\/filz\/wp-content\/uploads\/2017\/07\/PAN_3650-e1500915172161.jpg?resize=800%2C1199\"\/><\/figure><\/li><li class=\"wp-block-jetpack-slideshow_slide swiper-slide\"><figure><img data-recalc-dims=\"1\" decoding=\"async\" width=\"1140\" height=\"1709\" alt=\"\" class=\"wp-block-jetpack-slideshow_image wp-image-1542\" data-id=\"1542\" src=\"https:\/\/i0.wp.com\/www.panweb.at\/filz\/wp-content\/uploads\/2021\/05\/8C7CE30B-3476-417C-93CF-A0EAB467691D-scaled.jpeg?resize=1140%2C1709\" srcset=\"https:\/\/i0.wp.com\/www.panweb.at\/filz\/wp-content\/uploads\/2021\/05\/8C7CE30B-3476-417C-93CF-A0EAB467691D-scaled.jpeg?w=1281&amp;ssl=1 1281w, https:\/\/i0.wp.com\/www.panweb.at\/filz\/wp-content\/uploads\/2021\/05\/8C7CE30B-3476-417C-93CF-A0EAB467691D-scaled.jpeg?resize=200%2C300&amp;ssl=1 200w, https:\/\/i0.wp.com\/www.panweb.at\/filz\/wp-content\/uploads\/2021\/05\/8C7CE30B-3476-417C-93CF-A0EAB467691D-scaled.jpeg?resize=683%2C1024&amp;ssl=1 683w, https:\/\/i0.wp.com\/www.panweb.at\/filz\/wp-content\/uploads\/2021\/05\/8C7CE30B-3476-417C-93CF-A0EAB467691D-scaled.jpeg?resize=768%2C1151&amp;ssl=1 768w, https:\/\/i0.wp.com\/www.panweb.at\/filz\/wp-content\/uploads\/2021\/05\/8C7CE30B-3476-417C-93CF-A0EAB467691D-scaled.jpeg?resize=1025%2C1536&amp;ssl=1 1025w, https:\/\/i0.wp.com\/www.panweb.at\/filz\/wp-content\/uploads\/2021\/05\/8C7CE30B-3476-417C-93CF-A0EAB467691D-scaled.jpeg?resize=1367%2C2048&amp;ssl=1 1367w, https:\/\/i0.wp.com\/www.panweb.at\/filz\/wp-content\/uploads\/2021\/05\/8C7CE30B-3476-417C-93CF-A0EAB467691D-scaled.jpeg?resize=77%2C116&amp;ssl=1 77w\" sizes=\"(max-width: 1140px) 100vw, 1140px\" \/><\/figure><\/li><li class=\"wp-block-jetpack-slideshow_slide swiper-slide\"><figure><img data-recalc-dims=\"1\" decoding=\"async\" width=\"800\" height=\"1199\" alt=\"Brautkleid nahtlos gefilzt\" class=\"wp-block-jetpack-slideshow_image wp-image-805\" data-id=\"805\" src=\"https:\/\/i0.wp.com\/www.panweb.at\/filz\/wp-content\/uploads\/2017\/07\/PAN_3716-e1500915217831.jpg?resize=800%2C1199\"\/><\/figure><\/li><li class=\"wp-block-jetpack-slideshow_slide swiper-slide\"><figure><img data-recalc-dims=\"1\" decoding=\"async\" width=\"800\" height=\"1199\" alt=\"Brautkleid gefilzt in einem St\u00fcck\" class=\"wp-block-jetpack-slideshow_image wp-image-804\" data-id=\"804\" src=\"https:\/\/i0.wp.com\/www.panweb.at\/filz\/wp-content\/uploads\/2017\/07\/PAN_3663-e1500915238444.jpg?resize=800%2C1199\"\/><\/figure><\/li><li class=\"wp-block-jetpack-slideshow_slide swiper-slide\"><figure><img data-recalc-dims=\"1\" decoding=\"async\" width=\"800\" height=\"1199\" alt=\"Brautkleid nahtlosgefilzt aus Merinowolle und Seide\" class=\"wp-block-jetpack-slideshow_image wp-image-811\" data-id=\"811\" src=\"https:\/\/i0.wp.com\/www.panweb.at\/filz\/wp-content\/uploads\/2017\/07\/PAN_3788-e1500915103120.jpg?resize=800%2C1199\"\/><\/figure><\/li><li class=\"wp-block-jetpack-slideshow_slide swiper-slide\"><figure><img data-recalc-dims=\"1\" decoding=\"async\" width=\"1140\" height=\"761\" alt=\"\" class=\"wp-block-jetpack-slideshow_image wp-image-1543\" data-id=\"1543\" src=\"https:\/\/i0.wp.com\/www.panweb.at\/filz\/wp-content\/uploads\/2021\/05\/22F10AA7-C21E-482A-AD66-305991C05E42-scaled.jpeg?resize=1140%2C761\" srcset=\"https:\/\/i0.wp.com\/www.panweb.at\/filz\/wp-content\/uploads\/2021\/05\/22F10AA7-C21E-482A-AD66-305991C05E42-scaled.jpeg?w=1920&amp;ssl=1 1920w, https:\/\/i0.wp.com\/www.panweb.at\/filz\/wp-content\/uploads\/2021\/05\/22F10AA7-C21E-482A-AD66-305991C05E42-scaled.jpeg?resize=300%2C200&amp;ssl=1 300w, https:\/\/i0.wp.com\/www.panweb.at\/filz\/wp-content\/uploads\/2021\/05\/22F10AA7-C21E-482A-AD66-305991C05E42-scaled.jpeg?resize=1024%2C683&amp;ssl=1 1024w, https:\/\/i0.wp.com\/www.panweb.at\/filz\/wp-content\/uploads\/2021\/05\/22F10AA7-C21E-482A-AD66-305991C05E42-scaled.jpeg?resize=768%2C513&amp;ssl=1 768w, https:\/\/i0.wp.com\/www.panweb.at\/filz\/wp-content\/uploads\/2021\/05\/22F10AA7-C21E-482A-AD66-305991C05E42-scaled.jpeg?resize=1536%2C1025&amp;ssl=1 1536w, https:\/\/i0.wp.com\/www.panweb.at\/filz\/wp-content\/uploads\/2021\/05\/22F10AA7-C21E-482A-AD66-305991C05E42-scaled.jpeg?resize=2048%2C1367&amp;ssl=1 2048w, https:\/\/i0.wp.com\/www.panweb.at\/filz\/wp-content\/uploads\/2021\/05\/22F10AA7-C21E-482A-AD66-305991C05E42-scaled.jpeg?resize=174%2C116&amp;ssl=1 174w\" sizes=\"(max-width: 1140px) 100vw, 1140px\" \/><\/figure><\/li><li class=\"wp-block-jetpack-slideshow_slide swiper-slide\"><figure><img data-recalc-dims=\"1\" decoding=\"async\" width=\"1140\" height=\"1140\" alt=\"\" class=\"wp-block-jetpack-slideshow_image wp-image-136\" data-id=\"136\" src=\"https:\/\/i0.wp.com\/www.panweb.at\/filz\/wp-content\/uploads\/2014\/08\/PAN82031-e1418584464751.png?resize=1140%2C1140\"\/><\/figure><\/li><li class=\"wp-block-jetpack-slideshow_slide swiper-slide\"><figure><img data-recalc-dims=\"1\" decoding=\"async\" width=\"800\" height=\"800\" alt=\"\" class=\"wp-block-jetpack-slideshow_image wp-image-134\" data-id=\"134\" src=\"https:\/\/i0.wp.com\/www.panweb.at\/filz\/wp-content\/uploads\/2014\/08\/PAN8187wahl_1-e1418584501961.png?resize=800%2C800\"\/><\/figure><\/li><li class=\"wp-block-jetpack-slideshow_slide swiper-slide\"><figure><img data-recalc-dims=\"1\" decoding=\"async\" width=\"534\" height=\"800\" alt=\"\" class=\"wp-block-jetpack-slideshow_image wp-image-278\" data-id=\"278\" src=\"https:\/\/i0.wp.com\/www.panweb.at\/filz\/wp-content\/uploads\/2014\/11\/PAN8236-e1418584311971.jpg?resize=534%2C800\"\/><\/figure><\/li><li class=\"wp-block-jetpack-slideshow_slide swiper-slide\"><figure><img data-recalc-dims=\"1\" decoding=\"async\" width=\"1140\" height=\"761\" alt=\"\" class=\"wp-block-jetpack-slideshow_image wp-image-280\" data-id=\"280\" src=\"https:\/\/i0.wp.com\/www.panweb.at\/filz\/wp-content\/uploads\/2014\/11\/PAN8300_1-e1418584288662.jpg?resize=1140%2C761\"\/><\/figure><\/li><li class=\"wp-block-jetpack-slideshow_slide swiper-slide\"><figure><img data-recalc-dims=\"1\" decoding=\"async\" width=\"1140\" height=\"1648\" alt=\"\" class=\"wp-block-jetpack-slideshow_image wp-image-1548\" data-id=\"1548\" src=\"https:\/\/i0.wp.com\/www.panweb.at\/filz\/wp-content\/uploads\/2021\/05\/C46CF4E5-F022-4DAB-987F-2FA3450A83C2-scaled.jpeg?resize=1140%2C1648\" srcset=\"https:\/\/i0.wp.com\/www.panweb.at\/filz\/wp-content\/uploads\/2021\/05\/C46CF4E5-F022-4DAB-987F-2FA3450A83C2-scaled.jpeg?w=1328&amp;ssl=1 1328w, https:\/\/i0.wp.com\/www.panweb.at\/filz\/wp-content\/uploads\/2021\/05\/C46CF4E5-F022-4DAB-987F-2FA3450A83C2-scaled.jpeg?resize=207%2C300&amp;ssl=1 207w, https:\/\/i0.wp.com\/www.panweb.at\/filz\/wp-content\/uploads\/2021\/05\/C46CF4E5-F022-4DAB-987F-2FA3450A83C2-scaled.jpeg?resize=708%2C1024&amp;ssl=1 708w, https:\/\/i0.wp.com\/www.panweb.at\/filz\/wp-content\/uploads\/2021\/05\/C46CF4E5-F022-4DAB-987F-2FA3450A83C2-scaled.jpeg?resize=768%2C1111&amp;ssl=1 768w, https:\/\/i0.wp.com\/www.panweb.at\/filz\/wp-content\/uploads\/2021\/05\/C46CF4E5-F022-4DAB-987F-2FA3450A83C2-scaled.jpeg?resize=1062%2C1536&amp;ssl=1 1062w, https:\/\/i0.wp.com\/www.panweb.at\/filz\/wp-content\/uploads\/2021\/05\/C46CF4E5-F022-4DAB-987F-2FA3450A83C2-scaled.jpeg?resize=1416%2C2048&amp;ssl=1 1416w, https:\/\/i0.wp.com\/www.panweb.at\/filz\/wp-content\/uploads\/2021\/05\/C46CF4E5-F022-4DAB-987F-2FA3450A83C2-scaled.jpeg?resize=80%2C116&amp;ssl=1 80w\" sizes=\"(max-width: 1140px) 100vw, 1140px\" \/><\/figure><\/li><\/ul><a class=\"wp-block-jetpack-slideshow_button-prev swiper-button-prev swiper-button-white\" role=\"button\"><\/a><a class=\"wp-block-jetpack-slideshow_button-next swiper-button-next swiper-button-white\" role=\"button\"><\/a><a aria-label=\"Pause Slideshow\" class=\"wp-block-jetpack-slideshow_button-pause\" role=\"button\"><\/a><div class=\"wp-block-jetpack-slideshow_pagination swiper-pagination swiper-pagination-white\"><\/div><\/div><\/div>\n","protected":false},"excerpt":{"rendered":"","protected":false},"author":1,"featured_media":0,"parent":306,"menu_order":0,"comment_status":"closed","ping_status":"open","template":"","meta":{"jetpack_post_was_ever_published":false,"footnotes":""},"class_list":["post-293","page","type-page","status-publish","hentry"],"yoast_head":"<!-- This site is optimized with the Yoast SEO plugin v27.4 - https:\/\/yoast.com\/product\/yoast-seo-wordpress\/ -->\n<title>Filz-Brautkleider \u2013 Individuelle Unikate von Constanze Kr\u00f6g<\/title>\n<meta name=\"description\" content=\"Einzigartige Filz-Brautkleider von Constanze Kr\u00f6g. Unikate aus Merinowolle, Seide und Rohwolle \u2013 nachhaltig, nahtlos und individuell.\" \/>\n<meta name=\"robots\" content=\"index, follow, max-snippet:-1, max-image-preview:large, max-video-preview:-1\" \/>\n<link rel=\"canonical\" href=\"https:\/\/www.panweb.at\/filz\/filzkurse-in-oberoesterreich-filzkunst-rostfaerbung-filzbekleidung-nunofilz-ecoprint-filzen-lernen-brautkleider\/brautkleider\/\" \/>\n<meta property=\"og:locale\" content=\"de_DE\" \/>\n<meta property=\"og:type\" content=\"article\" \/>\n<meta property=\"og:title\" content=\"Filz-Brautkleider \u2013 Individuelle Unikate von Constanze Kr\u00f6g\" \/>\n<meta property=\"og:description\" content=\"Einzigartige Filz-Brautkleider von Constanze Kr\u00f6g. Unikate aus Merinowolle, Seide und Rohwolle \u2013 nachhaltig, nahtlos und individuell.\" \/>\n<meta property=\"og:url\" content=\"https:\/\/www.panweb.at\/filz\/filzkurse-in-oberoesterreich-filzkunst-rostfaerbung-filzbekleidung-nunofilz-ecoprint-filzen-lernen-brautkleider\/brautkleider\/\" \/>\n<meta property=\"og:site_name\" content=\"Constanze Kr\u00f6g\" \/>\n<meta property=\"article:publisher\" content=\"http:\/\/@constanzekroeg\" \/>\n<meta property=\"article:modified_time\" content=\"2025-09-14T14:48:53+00:00\" \/>\n<meta property=\"og:image\" content=\"https:\/\/www.panweb.at\/filz\/wp-content\/uploads\/2017\/07\/PAN_3643-e1500915154723.jpg\" \/>\n<meta name=\"twitter:card\" content=\"summary_large_image\" \/>\n<meta name=\"twitter:label1\" content=\"Gesch\u00e4tzte Lesezeit\" \/>\n\t<meta name=\"twitter:data1\" content=\"3\u00a0Minuten\" \/>\n<script type=\"application\/ld+json\" class=\"yoast-schema-graph\">{\"@context\":\"https:\\\/\\\/schema.org\",\"@graph\":[{\"@type\":\"WebPage\",\"@id\":\"https:\\\/\\\/www.panweb.at\\\/filz\\\/filzkurse-in-oberoesterreich-filzkunst-rostfaerbung-filzbekleidung-nunofilz-ecoprint-filzen-lernen-brautkleider\\\/brautkleider\\\/\",\"url\":\"https:\\\/\\\/www.panweb.at\\\/filz\\\/filzkurse-in-oberoesterreich-filzkunst-rostfaerbung-filzbekleidung-nunofilz-ecoprint-filzen-lernen-brautkleider\\\/brautkleider\\\/\",\"name\":\"Filz-Brautkleider \u2013 Individuelle Unikate von Constanze Kr\u00f6g\",\"isPartOf\":{\"@id\":\"https:\\\/\\\/www.panweb.at\\\/filz\\\/#website\"},\"primaryImageOfPage\":{\"@id\":\"https:\\\/\\\/www.panweb.at\\\/filz\\\/filzkurse-in-oberoesterreich-filzkunst-rostfaerbung-filzbekleidung-nunofilz-ecoprint-filzen-lernen-brautkleider\\\/brautkleider\\\/#primaryimage\"},\"image\":{\"@id\":\"https:\\\/\\\/www.panweb.at\\\/filz\\\/filzkurse-in-oberoesterreich-filzkunst-rostfaerbung-filzbekleidung-nunofilz-ecoprint-filzen-lernen-brautkleider\\\/brautkleider\\\/#primaryimage\"},\"thumbnailUrl\":\"http:\\\/\\\/www.panweb.at\\\/filz\\\/wp-content\\\/uploads\\\/2017\\\/07\\\/PAN_3643-e1500915154723.jpg\",\"datePublished\":\"2014-11-24T15:56:47+00:00\",\"dateModified\":\"2025-09-14T14:48:53+00:00\",\"description\":\"Einzigartige Filz-Brautkleider von Constanze Kr\u00f6g. Unikate aus Merinowolle, Seide und Rohwolle \u2013 nachhaltig, nahtlos und individuell.\",\"breadcrumb\":{\"@id\":\"https:\\\/\\\/www.panweb.at\\\/filz\\\/filzkurse-in-oberoesterreich-filzkunst-rostfaerbung-filzbekleidung-nunofilz-ecoprint-filzen-lernen-brautkleider\\\/brautkleider\\\/#breadcrumb\"},\"inLanguage\":\"de\",\"potentialAction\":[{\"@type\":\"ReadAction\",\"target\":[\"https:\\\/\\\/www.panweb.at\\\/filz\\\/filzkurse-in-oberoesterreich-filzkunst-rostfaerbung-filzbekleidung-nunofilz-ecoprint-filzen-lernen-brautkleider\\\/brautkleider\\\/\"]}]},{\"@type\":\"ImageObject\",\"inLanguage\":\"de\",\"@id\":\"https:\\\/\\\/www.panweb.at\\\/filz\\\/filzkurse-in-oberoesterreich-filzkunst-rostfaerbung-filzbekleidung-nunofilz-ecoprint-filzen-lernen-brautkleider\\\/brautkleider\\\/#primaryimage\",\"url\":\"http:\\\/\\\/www.panweb.at\\\/filz\\\/wp-content\\\/uploads\\\/2017\\\/07\\\/PAN_3643-e1500915154723.jpg\",\"contentUrl\":\"http:\\\/\\\/www.panweb.at\\\/filz\\\/wp-content\\\/uploads\\\/2017\\\/07\\\/PAN_3643-e1500915154723.jpg\"},{\"@type\":\"BreadcrumbList\",\"@id\":\"https:\\\/\\\/www.panweb.at\\\/filz\\\/filzkurse-in-oberoesterreich-filzkunst-rostfaerbung-filzbekleidung-nunofilz-ecoprint-filzen-lernen-brautkleider\\\/brautkleider\\\/#breadcrumb\",\"itemListElement\":[{\"@type\":\"ListItem\",\"position\":1,\"name\":\"Home\",\"item\":\"https:\\\/\\\/www.panweb.at\\\/filz\\\/\"},{\"@type\":\"ListItem\",\"position\":2,\"name\":\"Arbeiten\",\"item\":\"https:\\\/\\\/www.panweb.at\\\/filz\\\/filzkurse-in-oberoesterreich-filzkunst-rostfaerbung-filzbekleidung-nunofilz-ecoprint-filzen-lernen-brautkleider\\\/\"},{\"@type\":\"ListItem\",\"position\":3,\"name\":\"brautkleider\"}]},{\"@type\":\"WebSite\",\"@id\":\"https:\\\/\\\/www.panweb.at\\\/filz\\\/#website\",\"url\":\"https:\\\/\\\/www.panweb.at\\\/filz\\\/\",\"name\":\"Constanze Kr\u00f6g\",\"description\":\"Filzkurse in Ober\u00f6sterreich, Filzkunst, Rostf\u00e4rbung, Filzbekleidung, Nunofilz, Ecoprint, filzen lernen\",\"publisher\":{\"@id\":\"https:\\\/\\\/www.panweb.at\\\/filz\\\/#organization\"},\"potentialAction\":[{\"@type\":\"SearchAction\",\"target\":{\"@type\":\"EntryPoint\",\"urlTemplate\":\"https:\\\/\\\/www.panweb.at\\\/filz\\\/?s={search_term_string}\"},\"query-input\":{\"@type\":\"PropertyValueSpecification\",\"valueRequired\":true,\"valueName\":\"search_term_string\"}}],\"inLanguage\":\"de\"},{\"@type\":\"Organization\",\"@id\":\"https:\\\/\\\/www.panweb.at\\\/filz\\\/#organization\",\"name\":\"Constanze Kr\u00f6g\\\/ Filz Hand Werk\",\"url\":\"https:\\\/\\\/www.panweb.at\\\/filz\\\/\",\"logo\":{\"@type\":\"ImageObject\",\"inLanguage\":\"de\",\"@id\":\"https:\\\/\\\/www.panweb.at\\\/filz\\\/#\\\/schema\\\/logo\\\/image\\\/\",\"url\":\"https:\\\/\\\/i0.wp.com\\\/www.panweb.at\\\/filz\\\/wp-content\\\/uploads\\\/2025\\\/09\\\/Logo_02_24__web1500px_rgb.jpg?fit=1500%2C1493&ssl=1\",\"contentUrl\":\"https:\\\/\\\/i0.wp.com\\\/www.panweb.at\\\/filz\\\/wp-content\\\/uploads\\\/2025\\\/09\\\/Logo_02_24__web1500px_rgb.jpg?fit=1500%2C1493&ssl=1\",\"width\":1500,\"height\":1493,\"caption\":\"Constanze Kr\u00f6g\\\/ Filz Hand Werk\"},\"image\":{\"@id\":\"https:\\\/\\\/www.panweb.at\\\/filz\\\/#\\\/schema\\\/logo\\\/image\\\/\"},\"sameAs\":[\"http:\\\/\\\/@constanzekroeg\"]}]}<\/script>\n<!-- \/ Yoast SEO plugin. -->","yoast_head_json":{"title":"Filz-Brautkleider \u2013 Individuelle Unikate von Constanze Kr\u00f6g","description":"Einzigartige Filz-Brautkleider von Constanze Kr\u00f6g. Unikate aus Merinowolle, Seide und Rohwolle \u2013 nachhaltig, nahtlos und individuell.","robots":{"index":"index","follow":"follow","max-snippet":"max-snippet:-1","max-image-preview":"max-image-preview:large","max-video-preview":"max-video-preview:-1"},"canonical":"https:\/\/www.panweb.at\/filz\/filzkurse-in-oberoesterreich-filzkunst-rostfaerbung-filzbekleidung-nunofilz-ecoprint-filzen-lernen-brautkleider\/brautkleider\/","og_locale":"de_DE","og_type":"article","og_title":"Filz-Brautkleider \u2013 Individuelle Unikate von Constanze Kr\u00f6g","og_description":"Einzigartige Filz-Brautkleider von Constanze Kr\u00f6g. Unikate aus Merinowolle, Seide und Rohwolle \u2013 nachhaltig, nahtlos und individuell.","og_url":"https:\/\/www.panweb.at\/filz\/filzkurse-in-oberoesterreich-filzkunst-rostfaerbung-filzbekleidung-nunofilz-ecoprint-filzen-lernen-brautkleider\/brautkleider\/","og_site_name":"Constanze Kr\u00f6g","article_publisher":"http:\/\/@constanzekroeg","article_modified_time":"2025-09-14T14:48:53+00:00","og_image":[{"url":"https:\/\/www.panweb.at\/filz\/wp-content\/uploads\/2017\/07\/PAN_3643-e1500915154723.jpg","type":"","width":"","height":""}],"twitter_card":"summary_large_image","twitter_misc":{"Gesch\u00e4tzte Lesezeit":"3\u00a0Minuten"},"schema":{"@context":"https:\/\/schema.org","@graph":[{"@type":"WebPage","@id":"https:\/\/www.panweb.at\/filz\/filzkurse-in-oberoesterreich-filzkunst-rostfaerbung-filzbekleidung-nunofilz-ecoprint-filzen-lernen-brautkleider\/brautkleider\/","url":"https:\/\/www.panweb.at\/filz\/filzkurse-in-oberoesterreich-filzkunst-rostfaerbung-filzbekleidung-nunofilz-ecoprint-filzen-lernen-brautkleider\/brautkleider\/","name":"Filz-Brautkleider \u2013 Individuelle Unikate von Constanze Kr\u00f6g","isPartOf":{"@id":"https:\/\/www.panweb.at\/filz\/#website"},"primaryImageOfPage":{"@id":"https:\/\/www.panweb.at\/filz\/filzkurse-in-oberoesterreich-filzkunst-rostfaerbung-filzbekleidung-nunofilz-ecoprint-filzen-lernen-brautkleider\/brautkleider\/#primaryimage"},"image":{"@id":"https:\/\/www.panweb.at\/filz\/filzkurse-in-oberoesterreich-filzkunst-rostfaerbung-filzbekleidung-nunofilz-ecoprint-filzen-lernen-brautkleider\/brautkleider\/#primaryimage"},"thumbnailUrl":"https:\/\/www.panweb.at\/filz\/wp-content\/uploads\/2017\/07\/PAN_3643-e1500915154723.jpg","datePublished":"2014-11-24T15:56:47+00:00","dateModified":"2025-09-14T14:48:53+00:00","description":"Einzigartige Filz-Brautkleider von Constanze Kr\u00f6g. Unikate aus Merinowolle, Seide und Rohwolle \u2013 nachhaltig, nahtlos und individuell.","breadcrumb":{"@id":"https:\/\/www.panweb.at\/filz\/filzkurse-in-oberoesterreich-filzkunst-rostfaerbung-filzbekleidung-nunofilz-ecoprint-filzen-lernen-brautkleider\/brautkleider\/#breadcrumb"},"inLanguage":"de","potentialAction":[{"@type":"ReadAction","target":["https:\/\/www.panweb.at\/filz\/filzkurse-in-oberoesterreich-filzkunst-rostfaerbung-filzbekleidung-nunofilz-ecoprint-filzen-lernen-brautkleider\/brautkleider\/"]}]},{"@type":"ImageObject","inLanguage":"de","@id":"https:\/\/www.panweb.at\/filz\/filzkurse-in-oberoesterreich-filzkunst-rostfaerbung-filzbekleidung-nunofilz-ecoprint-filzen-lernen-brautkleider\/brautkleider\/#primaryimage","url":"https:\/\/www.panweb.at\/filz\/wp-content\/uploads\/2017\/07\/PAN_3643-e1500915154723.jpg","contentUrl":"https:\/\/www.panweb.at\/filz\/wp-content\/uploads\/2017\/07\/PAN_3643-e1500915154723.jpg"},{"@type":"BreadcrumbList","@id":"https:\/\/www.panweb.at\/filz\/filzkurse-in-oberoesterreich-filzkunst-rostfaerbung-filzbekleidung-nunofilz-ecoprint-filzen-lernen-brautkleider\/brautkleider\/#breadcrumb","itemListElement":[{"@type":"ListItem","position":1,"name":"Home","item":"https:\/\/www.panweb.at\/filz\/"},{"@type":"ListItem","position":2,"name":"Arbeiten","item":"https:\/\/www.panweb.at\/filz\/filzkurse-in-oberoesterreich-filzkunst-rostfaerbung-filzbekleidung-nunofilz-ecoprint-filzen-lernen-brautkleider\/"},{"@type":"ListItem","position":3,"name":"brautkleider"}]},{"@type":"WebSite","@id":"https:\/\/www.panweb.at\/filz\/#website","url":"https:\/\/www.panweb.at\/filz\/","name":"Constanze Kr\u00f6g","description":"Filzkurse in Ober\u00f6sterreich, Filzkunst, Rostf\u00e4rbung, Filzbekleidung, Nunofilz, Ecoprint, filzen lernen","publisher":{"@id":"https:\/\/www.panweb.at\/filz\/#organization"},"potentialAction":[{"@type":"SearchAction","target":{"@type":"EntryPoint","urlTemplate":"https:\/\/www.panweb.at\/filz\/?s={search_term_string}"},"query-input":{"@type":"PropertyValueSpecification","valueRequired":true,"valueName":"search_term_string"}}],"inLanguage":"de"},{"@type":"Organization","@id":"https:\/\/www.panweb.at\/filz\/#organization","name":"Constanze Kr\u00f6g\/ Filz Hand Werk","url":"https:\/\/www.panweb.at\/filz\/","logo":{"@type":"ImageObject","inLanguage":"de","@id":"https:\/\/www.panweb.at\/filz\/#\/schema\/logo\/image\/","url":"https:\/\/i0.wp.com\/www.panweb.at\/filz\/wp-content\/uploads\/2025\/09\/Logo_02_24__web1500px_rgb.jpg?fit=1500%2C1493&ssl=1","contentUrl":"https:\/\/i0.wp.com\/www.panweb.at\/filz\/wp-content\/uploads\/2025\/09\/Logo_02_24__web1500px_rgb.jpg?fit=1500%2C1493&ssl=1","width":1500,"height":1493,"caption":"Constanze Kr\u00f6g\/ Filz Hand Werk"},"image":{"@id":"https:\/\/www.panweb.at\/filz\/#\/schema\/logo\/image\/"},"sameAs":["http:\/\/@constanzekroeg"]}]}},"jetpack_sharing_enabled":true,"jetpack_shortlink":"https:\/\/wp.me\/P7FOsf-4J","jetpack-related-posts":[{"id":413,"url":"https:\/\/www.panweb.at\/filz\/filzkurse-in-oberoesterreich-filzkunst-rostfaerbung-filzbekleidung-nunofilz-ecoprint-filzen-lernen-brautkleider\/wohnen\/","url_meta":{"origin":293,"position":0},"title":"wohnen","author":"constanze","date":"30. Januar 2015","format":false,"excerpt":"Work in Progress, Mountmed project","rel":"","context":"\u00c4hnlicher Beitrag","block_context":{"text":"\u00c4hnlicher Beitrag","link":""},"img":{"alt_text":"","src":"https:\/\/i0.wp.com\/www.panweb.at\/filz\/wp-content\/uploads\/2025\/04\/IMG_6104.jpeg?resize=350%2C200&ssl=1","width":350,"height":200,"srcset":"https:\/\/i0.wp.com\/www.panweb.at\/filz\/wp-content\/uploads\/2025\/04\/IMG_6104.jpeg?resize=350%2C200&ssl=1 1x, https:\/\/i0.wp.com\/www.panweb.at\/filz\/wp-content\/uploads\/2025\/04\/IMG_6104.jpeg?resize=525%2C300&ssl=1 1.5x, https:\/\/i0.wp.com\/www.panweb.at\/filz\/wp-content\/uploads\/2025\/04\/IMG_6104.jpeg?resize=700%2C400&ssl=1 2x, https:\/\/i0.wp.com\/www.panweb.at\/filz\/wp-content\/uploads\/2025\/04\/IMG_6104.jpeg?resize=1050%2C600&ssl=1 3x, https:\/\/i0.wp.com\/www.panweb.at\/filz\/wp-content\/uploads\/2025\/04\/IMG_6104.jpeg?resize=1400%2C800&ssl=1 4x"},"classes":[]},{"id":505,"url":"https:\/\/www.panweb.at\/filz\/filzkurse-in-oberoesterreich-filzkunst-rostfaerbung-filzbekleidung-nunofilz-ecoprint-filzen-lernen-brautkleider\/ecoprint\/","url_meta":{"origin":293,"position":1},"title":"ecoprint","author":"constanze","date":"24. Juli 2015","format":false,"excerpt":"","rel":"","context":"\u00c4hnlicher Beitrag","block_context":{"text":"\u00c4hnlicher Beitrag","link":""},"img":{"alt_text":"Shirt aus Seide und Baumwolle gefilzt mit Ecoprint","src":"https:\/\/i0.wp.com\/www.panweb.at\/filz\/wp-content\/uploads\/2017\/07\/PAN_3481-e1500994313478.jpg?resize=350%2C200&ssl=1","width":350,"height":200,"srcset":"https:\/\/i0.wp.com\/www.panweb.at\/filz\/wp-content\/uploads\/2017\/07\/PAN_3481-e1500994313478.jpg?resize=350%2C200&ssl=1 1x, https:\/\/i0.wp.com\/www.panweb.at\/filz\/wp-content\/uploads\/2017\/07\/PAN_3481-e1500994313478.jpg?resize=525%2C300&ssl=1 1.5x, https:\/\/i0.wp.com\/www.panweb.at\/filz\/wp-content\/uploads\/2017\/07\/PAN_3481-e1500994313478.jpg?resize=700%2C400&ssl=1 2x"},"classes":[]},{"id":306,"url":"https:\/\/www.panweb.at\/filz\/filzkurse-in-oberoesterreich-filzkunst-rostfaerbung-filzbekleidung-nunofilz-ecoprint-filzen-lernen-brautkleider\/","url_meta":{"origin":293,"position":2},"title":"Arbeiten","author":"constanze","date":"24. November 2014","format":false,"excerpt":"","rel":"","context":"\u00c4hnlicher Beitrag","block_context":{"text":"\u00c4hnlicher Beitrag","link":""},"img":{"alt_text":"","src":"https:\/\/i0.wp.com\/www.panweb.at\/filz\/wp-content\/uploads\/2023\/12\/Co_Stulpen_2211_2023_1083-edited-2.jpeg?resize=350%2C200","width":350,"height":200},"classes":[]},{"id":290,"url":"https:\/\/www.panweb.at\/filz\/filzkurse-in-oberoesterreich-filzkunst-rostfaerbung-filzbekleidung-nunofilz-ecoprint-filzen-lernen-brautkleider\/kleider\/","url_meta":{"origin":293,"position":3},"title":"nahtlos &#8211; wearable artwork","author":"constanze","date":"24. November 2014","format":false,"excerpt":"Black.Indigo.Rust","rel":"","context":"\u00c4hnlicher Beitrag","block_context":{"text":"\u00c4hnlicher Beitrag","link":""},"img":{"alt_text":"","src":"https:\/\/i0.wp.com\/www.panweb.at\/filz\/wp-content\/uploads\/2021\/05\/79DFBF0D-7114-4E66-9E4B-077686E54F25.jpeg?resize=350%2C200","width":350,"height":200,"srcset":"https:\/\/i0.wp.com\/www.panweb.at\/filz\/wp-content\/uploads\/2021\/05\/79DFBF0D-7114-4E66-9E4B-077686E54F25.jpeg?resize=350%2C200 1x, https:\/\/i0.wp.com\/www.panweb.at\/filz\/wp-content\/uploads\/2021\/05\/79DFBF0D-7114-4E66-9E4B-077686E54F25.jpeg?resize=525%2C300 1.5x, https:\/\/i0.wp.com\/www.panweb.at\/filz\/wp-content\/uploads\/2021\/05\/79DFBF0D-7114-4E66-9E4B-077686E54F25.jpeg?resize=700%2C400 2x, https:\/\/i0.wp.com\/www.panweb.at\/filz\/wp-content\/uploads\/2021\/05\/79DFBF0D-7114-4E66-9E4B-077686E54F25.jpeg?resize=1050%2C600 3x"},"classes":[]}],"_links":{"self":[{"href":"https:\/\/www.panweb.at\/filz\/wp-json\/wp\/v2\/pages\/293","targetHints":{"allow":["GET"]}}],"collection":[{"href":"https:\/\/www.panweb.at\/filz\/wp-json\/wp\/v2\/pages"}],"about":[{"href":"https:\/\/www.panweb.at\/filz\/wp-json\/wp\/v2\/types\/page"}],"author":[{"embeddable":true,"href":"https:\/\/www.panweb.at\/filz\/wp-json\/wp\/v2\/users\/1"}],"replies":[{"embeddable":true,"href":"https:\/\/www.panweb.at\/filz\/wp-json\/wp\/v2\/comments?post=293"}],"version-history":[{"count":4,"href":"https:\/\/www.panweb.at\/filz\/wp-json\/wp\/v2\/pages\/293\/revisions"}],"predecessor-version":[{"id":1550,"href":"https:\/\/www.panweb.at\/filz\/wp-json\/wp\/v2\/pages\/293\/revisions\/1550"}],"up":[{"embeddable":true,"href":"https:\/\/www.panweb.at\/filz\/wp-json\/wp\/v2\/pages\/306"}],"wp:attachment":[{"href":"https:\/\/www.panweb.at\/filz\/wp-json\/wp\/v2\/media?parent=293"}],"curies":[{"name":"wp","href":"https:\/\/api.w.org\/{rel}","templated":true}]}}