{"id":1479,"date":"2021-05-12T18:17:33","date_gmt":"2021-05-12T16:17:33","guid":{"rendered":"https:\/\/www.panweb.at\/filz\/front-page\/"},"modified":"2021-05-18T11:25:10","modified_gmt":"2021-05-18T09:25:10","slug":"home-page","status":"publish","type":"page","link":"https:\/\/www.panweb.at\/filz\/","title":{"rendered":"Home"},"content":{"rendered":"","protected":false},"excerpt":{"rendered":"","protected":false},"author":1,"featured_media":0,"parent":0,"menu_order":0,"comment_status":"closed","ping_status":"closed","template":"page-templates\/template-home.php","meta":{"jetpack_post_was_ever_published":false,"footnotes":""},"class_list":["post-1479","page","type-page","status-publish","hentry"],"yoast_head":"<!-- This site is optimized with the Yoast SEO plugin v27.5 - https:\/\/yoast.com\/product\/yoast-seo-wordpress\/ -->\n<title>Home - Constanze Kroeg<\/title>\n<meta name=\"description\" content=\"Constanze Kroeg - Filzkurse \u00d6sterreich f\u00fcr Nunofilz, Rohwolle, Bekleidungsfilz, Taschen, H\u00fcte, Formfilz,Filzkunst, Kissen, Wandkleidung,\" \/>\n<meta name=\"robots\" content=\"index, follow, max-snippet:-1, max-image-preview:large, max-video-preview:-1\" \/>\n<link rel=\"canonical\" href=\"https:\/\/www.panweb.at\/filz\/\" \/>\n<meta property=\"og:locale\" content=\"de_DE\" \/>\n<meta property=\"og:type\" content=\"article\" \/>\n<meta property=\"og:title\" content=\"Home - Constanze Kroeg\" \/>\n<meta property=\"og:description\" content=\"Constanze Kroeg - Filzkurse \u00d6sterreich f\u00fcr Nunofilz, Rohwolle, Bekleidungsfilz, Taschen, H\u00fcte, Formfilz,Filzkunst, Kissen, Wandkleidung,\" \/>\n<meta property=\"og:url\" content=\"https:\/\/www.panweb.at\/filz\/\" \/>\n<meta property=\"og:site_name\" content=\"Constanze Kr\u00f6g\" \/>\n<meta property=\"article:publisher\" content=\"http:\/\/@constanzekroeg\" \/>\n<meta property=\"article:modified_time\" content=\"2021-05-18T09:25:10+00:00\" \/>\n<meta property=\"og:image\" content=\"https:\/\/www.panweb.at\/filz\/wp-content\/uploads\/2018\/02\/handfilzstudio_header.jpg\" \/>\n<meta name=\"twitter:card\" content=\"summary_large_image\" \/>\n<script type=\"application\/ld+json\" class=\"yoast-schema-graph\">{\"@context\":\"https:\\\/\\\/schema.org\",\"@graph\":[{\"@type\":\"WebPage\",\"@id\":\"https:\\\/\\\/www.panweb.at\\\/filz\\\/\",\"url\":\"https:\\\/\\\/www.panweb.at\\\/filz\\\/\",\"name\":\"Home - Constanze Kroeg\",\"isPartOf\":{\"@id\":\"https:\\\/\\\/www.panweb.at\\\/filz\\\/#website\"},\"datePublished\":\"2021-05-12T16:17:33+00:00\",\"dateModified\":\"2021-05-18T09:25:10+00:00\",\"description\":\"Constanze Kroeg - Filzkurse \u00d6sterreich f\u00fcr Nunofilz, Rohwolle, Bekleidungsfilz, Taschen, H\u00fcte, Formfilz,Filzkunst, Kissen, Wandkleidung,\",\"breadcrumb\":{\"@id\":\"https:\\\/\\\/www.panweb.at\\\/filz\\\/#breadcrumb\"},\"inLanguage\":\"de\",\"potentialAction\":[{\"@type\":\"ReadAction\",\"target\":[\"https:\\\/\\\/www.panweb.at\\\/filz\\\/\"]}]},{\"@type\":\"BreadcrumbList\",\"@id\":\"https:\\\/\\\/www.panweb.at\\\/filz\\\/#breadcrumb\",\"itemListElement\":[{\"@type\":\"ListItem\",\"position\":1,\"name\":\"Home\",\"item\":\"https:\\\/\\\/www.panweb.at\\\/filz\\\/\"},{\"@type\":\"ListItem\",\"position\":2,\"name\":\"Home\"}]},{\"@type\":\"WebSite\",\"@id\":\"https:\\\/\\\/www.panweb.at\\\/filz\\\/#website\",\"url\":\"https:\\\/\\\/www.panweb.at\\\/filz\\\/\",\"name\":\"Constanze Kr\u00f6g\",\"description\":\"Filzkurse in Ober\u00f6sterreich, Filzkunst, Rostf\u00e4rbung, Filzbekleidung, Nunofilz, Ecoprint, filzen lernen\",\"publisher\":{\"@id\":\"https:\\\/\\\/www.panweb.at\\\/filz\\\/#organization\"},\"potentialAction\":[{\"@type\":\"SearchAction\",\"target\":{\"@type\":\"EntryPoint\",\"urlTemplate\":\"https:\\\/\\\/www.panweb.at\\\/filz\\\/?s={search_term_string}\"},\"query-input\":{\"@type\":\"PropertyValueSpecification\",\"valueRequired\":true,\"valueName\":\"search_term_string\"}}],\"inLanguage\":\"de\"},{\"@type\":\"Organization\",\"@id\":\"https:\\\/\\\/www.panweb.at\\\/filz\\\/#organization\",\"name\":\"Constanze Kr\u00f6g\\\/ Filz Hand Werk\",\"url\":\"https:\\\/\\\/www.panweb.at\\\/filz\\\/\",\"logo\":{\"@type\":\"ImageObject\",\"inLanguage\":\"de\",\"@id\":\"https:\\\/\\\/www.panweb.at\\\/filz\\\/#\\\/schema\\\/logo\\\/image\\\/\",\"url\":\"https:\\\/\\\/i0.wp.com\\\/www.panweb.at\\\/filz\\\/wp-content\\\/uploads\\\/2025\\\/09\\\/Logo_02_24__web1500px_rgb.jpg?fit=1500%2C1493&ssl=1\",\"contentUrl\":\"https:\\\/\\\/i0.wp.com\\\/www.panweb.at\\\/filz\\\/wp-content\\\/uploads\\\/2025\\\/09\\\/Logo_02_24__web1500px_rgb.jpg?fit=1500%2C1493&ssl=1\",\"width\":1500,\"height\":1493,\"caption\":\"Constanze Kr\u00f6g\\\/ Filz Hand Werk\"},\"image\":{\"@id\":\"https:\\\/\\\/www.panweb.at\\\/filz\\\/#\\\/schema\\\/logo\\\/image\\\/\"},\"sameAs\":[\"http:\\\/\\\/@constanzekroeg\"]}]}<\/script>\n<!-- \/ Yoast SEO plugin. -->","yoast_head_json":{"title":"Home - Constanze Kroeg","description":"Constanze Kroeg - Filzkurse \u00d6sterreich f\u00fcr Nunofilz, Rohwolle, Bekleidungsfilz, Taschen, H\u00fcte, Formfilz,Filzkunst, Kissen, Wandkleidung,","robots":{"index":"index","follow":"follow","max-snippet":"max-snippet:-1","max-image-preview":"max-image-preview:large","max-video-preview":"max-video-preview:-1"},"canonical":"https:\/\/www.panweb.at\/filz\/","og_locale":"de_DE","og_type":"article","og_title":"Home - Constanze Kroeg","og_description":"Constanze Kroeg - Filzkurse \u00d6sterreich f\u00fcr Nunofilz, Rohwolle, Bekleidungsfilz, Taschen, H\u00fcte, Formfilz,Filzkunst, Kissen, Wandkleidung,","og_url":"https:\/\/www.panweb.at\/filz\/","og_site_name":"Constanze Kr\u00f6g","article_publisher":"http:\/\/@constanzekroeg","article_modified_time":"2021-05-18T09:25:10+00:00","og_image":[{"url":"https:\/\/www.panweb.at\/filz\/wp-content\/uploads\/2018\/02\/handfilzstudio_header.jpg","type":"","width":"","height":""}],"twitter_card":"summary_large_image","schema":{"@context":"https:\/\/schema.org","@graph":[{"@type":"WebPage","@id":"https:\/\/www.panweb.at\/filz\/","url":"https:\/\/www.panweb.at\/filz\/","name":"Home - Constanze Kroeg","isPartOf":{"@id":"https:\/\/www.panweb.at\/filz\/#website"},"datePublished":"2021-05-12T16:17:33+00:00","dateModified":"2021-05-18T09:25:10+00:00","description":"Constanze Kroeg - Filzkurse \u00d6sterreich f\u00fcr Nunofilz, Rohwolle, Bekleidungsfilz, Taschen, H\u00fcte, Formfilz,Filzkunst, Kissen, Wandkleidung,","breadcrumb":{"@id":"https:\/\/www.panweb.at\/filz\/#breadcrumb"},"inLanguage":"de","potentialAction":[{"@type":"ReadAction","target":["https:\/\/www.panweb.at\/filz\/"]}]},{"@type":"BreadcrumbList","@id":"https:\/\/www.panweb.at\/filz\/#breadcrumb","itemListElement":[{"@type":"ListItem","position":1,"name":"Home","item":"https:\/\/www.panweb.at\/filz\/"},{"@type":"ListItem","position":2,"name":"Home"}]},{"@type":"WebSite","@id":"https:\/\/www.panweb.at\/filz\/#website","url":"https:\/\/www.panweb.at\/filz\/","name":"Constanze Kr\u00f6g","description":"Filzkurse in Ober\u00f6sterreich, Filzkunst, Rostf\u00e4rbung, Filzbekleidung, Nunofilz, Ecoprint, filzen lernen","publisher":{"@id":"https:\/\/www.panweb.at\/filz\/#organization"},"potentialAction":[{"@type":"SearchAction","target":{"@type":"EntryPoint","urlTemplate":"https:\/\/www.panweb.at\/filz\/?s={search_term_string}"},"query-input":{"@type":"PropertyValueSpecification","valueRequired":true,"valueName":"search_term_string"}}],"inLanguage":"de"},{"@type":"Organization","@id":"https:\/\/www.panweb.at\/filz\/#organization","name":"Constanze Kr\u00f6g\/ Filz Hand Werk","url":"https:\/\/www.panweb.at\/filz\/","logo":{"@type":"ImageObject","inLanguage":"de","@id":"https:\/\/www.panweb.at\/filz\/#\/schema\/logo\/image\/","url":"https:\/\/i0.wp.com\/www.panweb.at\/filz\/wp-content\/uploads\/2025\/09\/Logo_02_24__web1500px_rgb.jpg?fit=1500%2C1493&ssl=1","contentUrl":"https:\/\/i0.wp.com\/www.panweb.at\/filz\/wp-content\/uploads\/2025\/09\/Logo_02_24__web1500px_rgb.jpg?fit=1500%2C1493&ssl=1","width":1500,"height":1493,"caption":"Constanze Kr\u00f6g\/ Filz Hand Werk"},"image":{"@id":"https:\/\/www.panweb.at\/filz\/#\/schema\/logo\/image\/"},"sameAs":["http:\/\/@constanzekroeg"]}]}},"jetpack_sharing_enabled":true,"jetpack_shortlink":"https:\/\/wp.me\/P7FOsf-nR","jetpack-related-posts":[{"id":1828,"url":"https:\/\/www.panweb.at\/filz\/home-deutsch\/","url_meta":{"origin":1479,"position":0},"title":"Home &#8211; Deutsch","author":"constanze","date":"10. April 2023","format":false,"excerpt":"","rel":"","context":"\u00c4hnlicher Beitrag","block_context":{"text":"\u00c4hnlicher Beitrag","link":""},"img":{"alt_text":"","src":"","width":0,"height":0},"classes":[]}],"_links":{"self":[{"href":"https:\/\/www.panweb.at\/filz\/wp-json\/wp\/v2\/pages\/1479","targetHints":{"allow":["GET"]}}],"collection":[{"href":"https:\/\/www.panweb.at\/filz\/wp-json\/wp\/v2\/pages"}],"about":[{"href":"https:\/\/www.panweb.at\/filz\/wp-json\/wp\/v2\/types\/page"}],"author":[{"embeddable":true,"href":"https:\/\/www.panweb.at\/filz\/wp-json\/wp\/v2\/users\/1"}],"replies":[{"embeddable":true,"href":"https:\/\/www.panweb.at\/filz\/wp-json\/wp\/v2\/comments?post=1479"}],"version-history":[{"count":2,"href":"https:\/\/www.panweb.at\/filz\/wp-json\/wp\/v2\/pages\/1479\/revisions"}],"predecessor-version":[{"id":1631,"href":"https:\/\/www.panweb.at\/filz\/wp-json\/wp\/v2\/pages\/1479\/revisions\/1631"}],"wp:attachment":[{"href":"https:\/\/www.panweb.at\/filz\/wp-json\/wp\/v2\/media?parent=1479"}],"curies":[{"name":"wp","href":"https:\/\/api.w.org\/{rel}","templated":true}]}}